{"id":2,"date":"2019-03-25T17:13:01","date_gmt":"2019-03-25T17:13:01","guid":{"rendered":"http:\/\/lnx.test.sosi-web.it\/?page_id=2"},"modified":"2019-03-25T18:53:20","modified_gmt":"2019-03-25T18:53:20","slug":"sample-page","status":"publish","type":"page","link":"https:\/\/test.sosi-web.it\/?page_id=2","title":{"rendered":"La Societ\u00e0"},"content":{"rendered":"\r\n<p align=\"justify\"><span style=\"color: #444444;\">DENOMINAZIONE E FINALIT\u00c0 DELLA SOCIET\u00c0<\/span><\/p>\r\n<p align=\"justify\"><span style=\"color: #444444;\">Art. 1 &#8211; L\u2019Associazione, costituita il 24 Aprile 1977, si denomina \u201cSociet\u00e0 Oftalmologica Siciliana\u201d \u2013 SOSi. L\u2019Associazione ispira la propria attivit\u00e0 ai principi di libert\u00e0 associativa ed al metodo della democrazia e della responsabilit\u00e0.<\/span><\/p>\r\n<p align=\"justify\"><span style=\"color: #444444;\">L\u2019Associazione non ha fini di lucro \u00e8 apolitica e apartitica ed \u00e8 rappresentativa della generalit\u00e0 dei medici oculisti siciliani indipendentemente dalle loro forme di collaborazione e di dipendenza con strutture del Servizio Sanitario Nazionale, con istituzioni pubbliche o private, assistenziali, universitarie, di ricerca od altre, anche internazionali ed indipendentemente dalla loro attivit\u00e0 in regime libero-professionale e dal loro luogo di lavoro.<\/span><\/p>\r\n<p align=\"justify\"><span style=\"color: #444444;\">L\u2019Associazione ha le seguenti finalit\u00e0 sociali, tutte intese come tra loro collegate:<\/span><\/p>\r\n<p align=\"justify\"><span style=\"color: #444444;\">&#8211; tutela e salvaguardia della salute visiva della collettivit\u00e0, ispirandosi ai principi della prevenzione, cura e riabilitazione;<\/span><\/p>\r\n<p align=\"justify\"><span style=\"color: #444444;\">&#8211; promozione della scienza oftalmologica attraverso la ricerca, la formazione, l\u2019aggiornamento scientifico e culturale dei medici oculisti anche tramite il loro costante adeguamento all\u2019evoluzione delle metodologie cliniche, chirurgiche, farmacologiche e delle tecnologie; ed anche in relazione all\u2019evoluzione delle previsioni normative in materia di cosiddetta educazione continua del medico;<\/span><\/p>\r\n<p align=\"justify\"><span style=\"color: #444444;\">&#8211; tutela e difesa degli interessi morali e professionali in genere dei medici oculisti nonch\u00e9 vigilanza sul rispetto dei principii etici e deontologici che devono presiedere alla loro attivit\u00e0.<\/span><\/p>\r\n<p align=\"justify\"><span style=\"color: #444444;\">Le attivit\u00e0 sociali vengono finanziate attraverso i contributi degli associati e\/o di Enti pubblici nonch\u00e9 di soggetti privati con esclusione di finanziamenti che configurino conflitto di interesse con il Servizio Sanitario Nazionale anche se forniti attraverso soggetti collegati. Le attivit\u00e0 di cosiddetta educazione continua, definite ECM, vengono finanziate attraverso l\u2019autofinanziamento e i contributi degli associati e\/o Enti pubblici e privati, ivi compresi i contributi delle industrie farmaceutiche e di dispositivi medici, nel rispetto dei criteri e dei limiti stabiliti dagli Organi competenti.<\/span><\/p>\r\n<p align=\"justify\"><span style=\"color: #444444;\">Per realizzare le finalit\u00e0 di cui al presente articolo, l\u2019Associazione adotta ogni attivit\u00e0 ed iniziativa ritenuta idonea ad incrementare, qualificare e tutelare la scienza e la professione oftalmologica.<\/span><\/p>\r\n<p align=\"justify\"><span style=\"color: #444444;\">Per il raggiungimento di tali obiettivi l\u2019Associazione potr\u00e0:<\/span><\/p>\r\n<p align=\"justify\"><span style=\"color: #444444;\">a) organizzare e patrocinare convegni, conferenze, dibattiti, corsi e seminari riguardanti ogni problematica scientifica di interesse per l\u2019oftalmologia;<\/span><\/p>\r\n<p align=\"justify\"><span style=\"color: #444444;\">b) organizzare e patrocinare, anche a favore di singoli ricercatori, corsi di studio e protocolli di ricerca in discipline oftalmologiche presso istituzioni pubbliche e private sanitarie, universitarie, di ricerca ed affini;<\/span><\/p>\r\n<p align=\"justify\"><span style=\"color: #444444;\">c) organizzare e promuovere rilevazioni sull\u2019andamento epidemiologico delle patologie oculistiche ed in genere sulla salute visiva della popolazione;<\/span><\/p>\r\n<p align=\"justify\"><span style=\"color: #444444;\">d) organizzare e promuovere iniziative editoriali connesse agli scopi sociali, quali la pubblicazione di riviste anche periodiche sull\u2019attivit\u00e0 dell\u2019Associazione e su quant\u2019altro riguarda l\u2019evoluzione scientifica nazionale ed internazionale dell\u2019oftalmologia, di atti di convegni e seminari, di risultati di studi e ricerche; nonch\u00e9 l\u2019istituzione di biblioteche, banche dati ed affini;<\/span><\/p>\r\n<p align=\"justify\"><span style=\"color: #444444;\">e) elaborare linee guida in collaborazione con le Agenzie per i Servizi Sanitari Regionali e le Associazioni federative e di coordinamento con altre societ\u00e0 scientifiche;<\/span><\/p>\r\n<p align=\"justify\"><span style=\"color: #444444;\">f) promuovere trials di studio e di ricerche scientifiche finalizzate ai rapporti di collaborazione con altre societ\u00e0 ed organismi scientifici;<\/span><\/p>\r\n<p align=\"justify\"><span style=\"color: #444444;\">g) organizzare sistemi di verifica del tipo e della qualit\u00e0 delle attivit\u00e0 svolte nonch\u00e9 sistemi di verifica e di certificazione della qualit\u00e0 degli studi professionali degli associati e delle strutture dalle quali gli associati dipendono o con le quali collaborano;<\/span><\/p>\r\n<p align=\"justify\"><span style=\"color: #444444;\">h) promuovere il collegamento la collaborazione e l\u2019interscambio scientifico e culturale con Enti nazionali ed esteri operanti con finalit\u00e0 analoghe alle proprie;<\/span><\/p>\r\n<p align=\"justify\"><span style=\"color: #444444;\">i) organizzare e promuovere campagne di sensibilizzazione sociale per la tutela preventiva della saluta visiva e sulle malattie oculari ovvero partecipare alle stesse, anche attraverso corsi formativi per le vie del sistema scolastico nazionale;<\/span><\/p>\r\n<p align=\"justify\"><span style=\"color: #444444;\">j) favorire l\u2019informazione scientifica al fine di garantire la qualit\u00e0 delle prestazioni oftalmologiche;<\/span><\/p>\r\n<p align=\"justify\"><span style=\"color: #444444;\">k) favorire e promuovere la ricerca scientifica, farmacologica e tecnologica nel settore;<\/span><\/p>\r\n<p align=\"justify\"><span style=\"color: #444444;\">l) intraprendere ogni iniziativa idonea a favorire il collegamento di tutti gli associati ovunque prof\u00e8ssino;<\/span><\/p>\r\n<p align=\"justify\"><span style=\"color: #444444;\">m) promuovere ed organizzare campagne di denuncia in ordine a distorsioni e travisamenti dell\u2019impiego di metodologie cliniche e chirurgiche non appropriate e dell\u2019impiego di figure professionali non adeguate nonch\u00e9 combattere ogni forma di violazione, di disapplicazione delle norme vigenti in materia sanitaria in genere e di salute visiva in particolare;<\/span><\/p>\r\n<p align=\"justify\"><span style=\"color: #444444;\">n) promuovere e creare servizi di consulenza anche legale per gli associati;<\/span><\/p>\r\n<p align=\"justify\"><span style=\"color: #444444;\">o) promuovere forme di tutela assicurativa professionale degli associati. L\u2019Associazione potr\u00e0 inoltre svolgere ogni altra attivit\u00e0 direttamente o indirettamente connessa con l\u2019oggetto sociale e comunque finalizzata al perseguimento delle finalit\u00e0 sociali ovvero accessoria ed integrativa delle stesse. L\u2019Associazione non svolge attivit\u00e0 sindacale di contrattazione collettiva. Per corrispondere alle finalit\u00e0 statutarie sopra enunciate, l\u2019Associazione si adopera peraltro nella tutela e nella difesa degli interessi morali e professionali della generalit\u00e0 dei soci, di gruppi di essi ovvero anche di singoli qualora tale tutela e difesa assumano rilievo generale, corrispondano alle finalit\u00e0 sociali e non contrastino con gli interessi della generalit\u00e0 o dei gruppi; ed inoltre nella difesa dell\u2019associazione da attivit\u00e0 ad essa contrarie promosse da altre associazioni. Per il raggiungimento delle finalit\u00e0 sociali e per la realizzazione delle attivit\u00e0 ad esse funzionali sopra enunciate, l\u2019Associazione assicura i rapporti con le istituzioni in genere con le organizzazioni e le autorit\u00e0 sanitarie internazionali e nazionali, con il Ministero della Salute, con il Ministero dell\u2019Istruzione, dell\u2019Universit\u00e0 e della Ricerca, con le Regioni e con le Autorit\u00e0 Sanitarie in generale. L\u2019Associazione potr\u00e0 altres\u00ec integrare &#8211; in modo permanente ed anche secondo contingenti opportunit\u00e0 \u2013 la propria attivit\u00e0 con quella di altri enti ed associazioni scientifiche e professionali del settore, promuovendo anche l\u2019istituzione di associazioni federative di coordinamento con altre associazioni e societ\u00e0 medico-scientifiche e\/o aderendo ad altre associazioni del genere quando gi\u00e0 esistenti.<\/span><\/p>\r\n<p align=\"justify\"><span style=\"color: #444444;\">Art. 2 &#8211; Nello spirito dell\u2019art. 1 l\u2019Associazione organizza almeno un Congresso Regionale annuo da effettuarsi nella sede e nel periodo determinati dal Consiglio Direttivo.<\/span><\/p>\r\n<p align=\"justify\"><span style=\"font-family: Verdana; font-size: small;\"><span style=\"color: #444444;\">Art. 3 &#8211; La se de legale dell\u2019Associazione \u00e8 in Messina. L\u2019Associazione potr\u00e0 promuovere o istituire sedi secondarie ed uffici curando edassicurando l\u2019articolazione della sua organizzazione su base regionale.<\/span><\/span><\/p>\r\n<p align=\"justify\"><span style=\"color: #444444;\">TITOLO III<\/span><\/p>\r\n<p align=\"justify\"><span style=\"color: #444444;\">I SOCI, REQUISITI, TIPOLOGIE, DIRITTI E DOVERI, PROCEDIMENTO DI<\/span><\/p>\r\n<p align=\"justify\"><span style=\"color: #444444;\">AMMISSIONE<\/span><\/p>\r\n<p align=\"justify\"><span style=\"color: #444444;\">Art. 4 &#8211; L\u2019Associazione \u00e8 composta dai soci ordinari e dai soci onorari. I soci ordinari sono tenuti al pagamento di una quota annuale stabilita dal Consiglio Direttivo su proposta del Segretario-tesoriere. I soci ordinari hanno diritto di partecipare alle assemblee se in regola con il pagamento della quota annuale e votare direttamente o per delega come da regolamento.<\/span><\/p>\r\n<p align=\"justify\"><span style=\"color: #444444;\">Art. 5 &#8211; Possono essere soci tutti coloro che, non avendo interessi contrastanti<\/span><\/p>\r\n<p align=\"justify\"><span style=\"color: #444444;\">con quelli dell\u2019Associazione, intendono perseguirne gli scopi partecipando alle attivit\u00e0 sociali. La qualifica di socio \u00e8 intrasmissibile. I soci ordinari devono essere Specialisti o Specializzandi in Oftalmologia. L\u2019iscrizione viene accettata con effetto immediato e senza obbligo di motivazione, salvo il caso di rifiuto dalla maggioranza dal Consiglio Direttivo. Sulla base di parere motivato il Consiglio Direttivo pu\u00f2 inoltre ammettere come soci ordinari i cultori della materia. Possono essere inoltre nominati soci onorari coloro che, anche non medici, abbiano promosso il progresso scientifico e la difesa dei principi etici e deontologici dell\u2019oftalmologia o si siano comunque distinti per l\u2019impegno profuso nelle finalit\u00e0 dell\u2019Associazione. Il Consiglio Direttivo, su proposta motivata del Presidente, approva a maggioranza la nomina dei soci onorari.<\/span><\/p>\r\n<p align=\"justify\"><span style=\"color: #444444;\">Art.6 &#8211; L\u2019adesione all\u2019Associazione comporta l\u2019obbligo di conoscenza e dell\u2019osservanza del presente statuto e del regolamento di attuazione.<\/span><\/p>\r\n<p align=\"justify\"><span style=\"color: #444444;\">Art. 7 &#8211; La qualifica di socio ordinario si perde per dimissioni o per decadenza in caso di mancato pagamento della quota annuale secondo le modalit\u00e0 stabilite dal Consiglio Direttivo nel regolamento. La qualifica di socio ordinario si perde inoltre per inottemperanza ai doveri del socio stabiliti dal regolamento di attuazione, per indegnit\u00e0, per grave inottemperanza alle regole etiche e deontologiche dell\u2019Associazione, per attivit\u00e0 organizzate, sistematiche e preordinate in contrasto con le attivit\u00e0 associative, nonch\u00e9 per attivit\u00e0 o iniziative che in qualsiasi modo si pongono in contrasto con le finalit\u00e0 associative; nonch\u00e9 per radiazione dall\u2019Albo professionale. Viene sempre fatta salva l\u2019espressione della libera opinione dei singoli all\u2019interno dell\u2019Associazione. Il Consiglio Direttivo avvia il procedimento con contestazione dell\u2019addebito all\u2019interessato e comunicazione al Comitato Etico.<\/span><\/p>\r\n<p align=\"justify\"><span style=\"color: #444444;\">TITOLO IV<\/span><\/p>\r\n<p align=\"justify\"><span style=\"color: #444444;\">ORGANI DELLA SOCIET\u00c0<\/span><\/p>\r\n<p align=\"justify\"><span style=\"color: #444444;\">Art. 8 &#8211; Sono organi dell\u2019Associazione:<\/span><\/p>\r\n<p align=\"justify\"><span style=\"color: #444444;\">1. l\u2019Assemblea dei Soci;<\/span><\/p>\r\n<p align=\"justify\"><span style=\"color: #444444;\">2. il Presidente;<\/span><\/p>\r\n<p align=\"justify\"><span style=\"color: #444444;\">3. il Consiglio Direttivo;<\/span><\/p>\r\n<p align=\"justify\"><span style=\"color: #444444;\">4. il Segretario Tesoriere;<\/span><\/p>\r\n<p align=\"justify\"><span style=\"color: #444444;\">5. il Comitato Etico.<\/span><\/p>\r\n<p align=\"justify\"><span style=\"color: #444444;\">Art. 9 &#8211; L\u2019assemblea ordinaria \u00e8 composta da entrambe le tipologie dei Soci ed \u00e8 convocata almeno una volta all\u2019anno dal Presidente previa deliberazione del Consiglio Direttivo che dispone l\u2019ordine del giorno. L\u2019avviso di convocazione con l\u2019indicazione dell\u2019ordine del giorno \u00e8 comunicata ai soci secondo le norme riportate nel Regolamento.<\/span><\/p>\r\n<p align=\"justify\"><span style=\"color: #444444;\">Sono compiti dell\u2019assemblea ordinaria:<\/span><\/p>\r\n<p align=\"justify\"><span style=\"color: #444444;\">1. eleggere alle relative scadenze il Presidente, i componenti del Consiglio Direttivo<\/span><\/p>\r\n<p align=\"justify\"><span style=\"color: #444444;\">2. ratificare le modifiche del Regolamento di attuazione dello statuto disposte dal Consiglio Direttivo;<\/span><\/p>\r\n<p align=\"justify\"><span style=\"color: #444444;\">3. approvare la relazione annuale del Presidente ed i bilanci dell\u2019Associazione;<\/span><\/p>\r\n<p align=\"justify\"><span style=\"color: #444444;\">4. approvare la nomina dei Soci benemeriti;<\/span><\/p>\r\n<p align=\"justify\"><span style=\"color: #444444;\">Art. 10 &#8211; L\u2019assemblea ordinaria \u00e8 convocata d\u2019ufficio dal Presidente, osservate le modalit\u00e0 di cui al precedente art.9, su richiesta scritta e motivata di almeno un decimo dei Soci. Anche in tale caso l\u2019avviso di convocazione, con l\u2019indicazione dell\u2019ordine del giorno, \u00e8 comunicato ai Soci secondo le norme riportate nel regolamento.<\/span><\/p>\r\n<p align=\"justify\"><span style=\"color: #444444;\">Art. 12 &#8211; L\u2019assemblea, sia in sede ordinaria che straordinaria, pu\u00f2 essere convocata anche in luogo diverso dalla sede sociale. Sia nell\u2019assemblea ordinaria che in quella straordinaria le votazioni possono essere espresse per posta o con metodi informatizzati secondo le modalit\u00e0 stabilite dal Consiglio Direttivo nel Regolamento. Per le elezioni alle cariche sociali il voto \u00e8 a scrutinio segreto espresso per posta o con metodi informatizzati secondo le modalit\u00e0 stabilite dal Consiglio Direttivo nel Regolamento e sotto il controllo del Comitato Etico. L\u2019assemblea ordinaria e l\u2019assemblea straordinaria sono valide in prima convocazione, se \u00e8 presente la maggioranza dei Soci anche per delega. In seconda convocazione, almeno dopo 24 ore, se \u00e8 presente un numero minimo pari al cinque per cento dei Soci, comprese le deleghe. Sono ammesse deleghe da parte dei Soci ordinari, in numero non superiore a tre per ciascun Socio presente come specificato nel Regolamento. Le deleghe non sono ammesse per le elezioni e per i provvedimenti di espulsione dei Soci. Le delibere dell\u2019assemblea sono adottate a maggioranza semplice dei presenti, fatta eccezione per lo scioglimento dell\u2019Associazione e la devoluzione del patrimonio per i quali \u00e8 richiesto voto favorevole di almeno tre quarti dei Soci ai sensi dell\u2019art.21 c.c. terzo comma. Le deliberazioni di modificazione statutaria richiedono il voto per posta o con metodi informatizzati di almeno un quarto dei Soci validamente iscritti ed il voto favorevole della met\u00e0 pi\u00f9 uno dei votanti.<\/span><\/p>\r\n<p align=\"justify\"><span style=\"color: #444444;\">Art. 13 &#8211; Il Presidente rappresenta legalmente l\u2019Associazione di fronte a terzi. Il Presidente \u00e8 eletto dall\u2019assemblea elettiva a maggioranza relativa dei voti validi tramite voto per posta o con metodi informatizzati e con le ulteriori modalit\u00e0 stabilite dal Regolamento. Il Presidente dura in carica due anni. Il Presidente presiede il Consiglio Direttivo dopo averne stabilito l\u2019ordine del giorno nonch\u00e9 le assemblee ordinarie e straordinarie secondo le modalit\u00e0 di cui agli artt.9, 10 e 11. Egli \u00e8 garante dell\u2019esecuzione delle delibere del Consiglio Direttivo. In caso di assenza o impedimento \u00e8 sostituito dal Vice-Presidente o, in mancanza, dal membro del Consiglio Direttivo pi\u00f9 anziano di et\u00e0. In caso di assenza o impedimento, il vice-Presidente sostituisce il Presidente fino alla scadenza del mandato presidenziale. Previa deliberazione del Consiglio Direttivo il Presidente conferisce mandato al difensore a stare in giudizio nelle liti attive e passive.<\/span><\/p>\r\n<p align=\"justify\"><span style=\"color: #444444;\">Art. 14 \u2013 Il Consiglio Direttivo \u00e8 composto dal Presidente e da otto Consiglieri. Il Consiglio Direttivo dura in carica due anni. I membri del Consiglio Direttivo sono eletti dall\u2019assemblea elettiva secondo le modalit\u00e0 di cui all\u2019art. 12 . Nelle elezioni, a parit\u00e0 di voti, viene eletto il candidato pi\u00f9 anziano di iscrizione all\u2019Associazione. Nel caso di singole cessazioni il Consiglio Direttivo provvede alla sostituzione.<\/span><\/p>\r\n<p align=\"justify\"><span style=\"color: #444444;\">Art. 15 &#8211; Dopo la sua elezione il Consiglio Direttivo si riunisce per procedere all\u2019elezione fra i suoi componenti del Vice-Presidente e del Segretario Tesoriere. Tutte le cariche non sono retribuite. Il Presidente, il Vice Presidente, il Segretario Tesoriere, i Consiglieri ed in genere tutti i Soci che sostengono spese per specifico incarico dell\u2019Associazione e nell\u2019interesse di essa, possono essere rimborsati per spese di viaggio e di pernottamento. Il Consiglio Direttivo definisce, nell\u2019ambito delle finalit\u00e0 statutarie, le linee generali dell\u2019attivit\u00e0 associativa per il tempo del suo mandato, garantisce la conduzione unitaria ed in forma collegiale dell\u2019Associazione, delibera le modifiche del Regolamento da sottoporre alla ratifica dell\u2019assemblea, delibera le iniziative per il raggiungimento delle finalit\u00e0 sociali e per l\u2019espletamento delle attivit\u00e0 di cui all\u2019art.1, delibera su tutte le questioni inerenti l\u2019organizzazione, l\u2019amministrazione e l\u2019attivit\u00e0 dell\u2019Associazione, delibera i bilanci da sottoporre ogni anno all\u2019approvazione dell\u2019assemblea; assegna i temi delle relazioni congressuali, conferisce incarichi di ricerca, di didattica, borse di studio e premi scientifici, identifica e promuove lo sviluppo di linee guida. Il Consiglio Direttivo \u00e8 convocato con le modalit\u00e0 di cui all\u2019art. 13 dal Presidente di sua iniziativa o d\u2019ufficio su richiesta di un terzo dei suoi componenti. Il Consiglio Direttivo pu\u00f2 istituire o nominare Commissioni temporanee o permanenti per l\u2019elaborazione, per lo studio e per la trattazione di particolari tematiche. Il Consiglio Direttivo, per corrispondere alle finalit\u00e0 sociali di cui all\u2019art.1, delibera la costituzione in giudizio nelle liti attive e passive che l\u2019Associazione intende sostenere in quanto Ente rappresentativo dei propri diritti ed interessi patrimoniali; nonch\u00e9 di quelle che l\u2019Associazione intende sostenere a tutela degli interessi degli associati o di gruppi di essi ovvero anche di singoli, quando ritiene che corrispondano alle finalit\u00e0 sociali e non contrastino con gli interessi dei gruppi o della generalit\u00e0 dei Soci; nonch\u00e9 di quelli che l\u2019Associazione intende sostenere a tutela, in quanto ente rappresentativo di interessi\u00a0 diffusi, dei diritti e degli interessi della collettivit\u00e0 alla salvaguardia della salute visiva, nonch\u00e9 la costituzione in giudizio, con interventi adesivi o ad opponendum, a sostegno dei predetti diritti ed interessi, conferendo mandato al Presidente di nominare il difensore salvi i casi d\u2019urgenza nei quali delibera\u00a0 la Giunta Esecutiva. Per la validit\u00e0 delle sedute \u00e8 necessaria la presenza della maggioranza semplice dei Consiglieri. Le deliberazioni sono adottate a maggioranza. In caso di parit\u00e0 prevale il voto del Presidente o di chi ne fa le veci.<\/span><\/p>\r\n<p align=\"justify\"><span style=\"color: #444444;\">Art. 16 &#8211; L\u2019esercizio sociale ha la durata di dodici mesi consecutivi, inizia con l\u20191 gennaio e termina con il 31 dicembre di ogni anno. Il bilancio consuntivo dovr\u00e0 essere approvato comunque entro sei mesi dell\u2019anno successivo ad ogni esercizio sociale. Il bilancio preventivo dovr\u00e0 essere approvato comunque prima dell\u2019inizio dell\u2019esercizio sociale a cui si riferisce. Il bilancio deve essere redatto con chiarezza e deve rappresentare in modo veritiero e corretto la situazione patrimoniale, finanziaria ed economica dell\u2019Associazione. L\u2019Assemblea delibera in merito agli avanzi di gestione al fine di destinarli alla realizzazione delle attivit\u00e0 istituzionali e di quelle ad esse direttamente connesse. Gli avanzi di gestione e le riserve di patrimonio netto potranno essere utilizzate per la copertura delle perdite d\u2019esercizio. E\u2019 assolutamente vietata la distribuzione di avanzi di gestione e delle riserve ai Soci durante la vita sociale. In caso di scioglimento dell\u2019Associazione o comunque di sua cessazione per qualsiasi causa, l\u2019eventuale patrimonio residuo dovr\u00e0 essere devoluto ad altre organizzazioni ed associazioni con finalit\u00e0 analoghe ovvero ad enti di pubblica utilit\u00e0 a norma di legge. E\u2019 escluso in ogni caso qualsiasi rimborso agli associati.<\/span><\/p>\r\n<p align=\"justify\"><span style=\"color: #444444;\">Art. 17 &#8211; Il Comitato Etico \u00e8 composto dagli ex Presidenti e dagli ex Segretari. Si riunisce almeno una volta l\u2019anno, in occasione del Congresso, per affrontare problemi di etica e per vigilarne i principi nella vita dell\u2019Associazione con lo scopo di esaminare i casi che gli vengano sottoposti dagli Organi, dai singoli Soci e nel caso dei procedimenti disciplinari di cui all\u2019art. 7. Le sedute sono presiedute dal pi\u00f9 anziano degli ex Presidenti e le delibere, a maggioranza dei partecipanti, trasmesse al Consiglio Direttivo ed all\u2019Assemblea dei Soci.<\/span><\/p>\r\n<p align=\"justify\"><span style=\"color: #444444;\">Art. 18 &#8211; Il Segretario Tesoriere cura la corrispondenza d\u2019ufficio e la raccolta degli atti e documenti, redige e conserva i verbali delle sedute ed esegue le deliberazioni del Consiglio Direttivo. Lo stesso cura altres\u00ec la gestione finanziaria dell\u2019Associazione. Il Segretario Tesoriere, su delibera del Consiglio Direttivo, pu\u00f2 avvalersi di consulenti nei settori finanziario, legale, fiscale ed organizzativo per questioni specifiche. In caso di assenza o impedimento \u00e8 sostituito dal Consigliere pi\u00f9 anziano.<\/span><\/p>\r\n<p align=\"justify\"><span style=\"color: #444444;\">TITOLO V<\/span><\/p>\r\n<p align=\"justify\"><span style=\"color: #444444;\">BENI PATRIMONIALI E PROVENTI FINANZIARI<\/span><\/p>\r\n<p align=\"justify\"><span style=\"color: #444444;\">Art. 19 &#8211; L\u2019Associazione ha un fondo di dotazione di \u20ac. 12.500,00 (eurododicimilacinquecento\/00). Il patrimonio dell\u2019Associazione pu\u00f2 essere incrementato da contributi o lasciti di Soci o di terzi.<\/span><\/p>\r\n<p align=\"justify\"><span style=\"color: #444444;\">Art. 21 &#8211; I beni dell\u2019Associazione debbono essere trascritti in speciale inventario. Le somme provenienti dall\u2019alienazione dei beni, da lasciti e da donazioni sono comunque destinate ad incrementare il patrimonio su conti ad interesse ed eventualmente vanno convertite in titoli di Stato o garantiti dallo Stato od equipollenti o in beni immobili. Spetta al Segretario Tesoriere provvedere alla gestione di detti fondi servendosi di eventuale consulenza di esperti, banche e professionisti.<\/span><\/p>\r\n<p align=\"justify\"><span style=\"color: #444444;\">Art. 22 &#8211; Le somme necessarie ai bisogni ordinari dell\u2019Associazione devono essere depositate ad interesse presso primari istituti di credito.<\/span><\/p>\r\n<p align=\"justify\"><span style=\"color: #444444;\">Art. 23 &#8211; Per quanto non previsto nel presente Statuto si dovr\u00e0 far riferimento alle leggi vigenti.<\/span><\/p>\r\n<p>&nbsp;<\/p>\r\n","protected":false},"excerpt":{"rendered":"<p>DENOMINAZIONE E FINALIT\u00c0 DELLA SOCIET\u00c0 Art. 1 &#8211; L\u2019Associazione, costituita il 24 Aprile 1977, si denomina \u201cSociet\u00e0 Oftalmologica Siciliana\u201d \u2013 SOSi. L\u2019Associazione ispira la propria attivit\u00e0 ai principi di libert\u00e0 associativa ed<a class=\"moretag\" href=\"https:\/\/test.sosi-web.it\/?page_id=2\">Read More&#8230;<\/a><\/p>\n","protected":false},"author":1,"featured_media":0,"parent":0,"menu_order":0,"comment_status":"closed","ping_status":"open","template":"","meta":{"footnotes":""},"_links":{"self":[{"href":"https:\/\/test.sosi-web.it\/index.php?rest_route=\/wp\/v2\/pages\/2"}],"collection":[{"href":"https:\/\/test.sosi-web.it\/index.php?rest_route=\/wp\/v2\/pages"}],"about":[{"href":"https:\/\/test.sosi-web.it\/index.php?rest_route=\/wp\/v2\/types\/page"}],"author":[{"embeddable":true,"href":"https:\/\/test.sosi-web.it\/index.php?rest_route=\/wp\/v2\/users\/1"}],"replies":[{"embeddable":true,"href":"https:\/\/test.sosi-web.it\/index.php?rest_route=%2Fwp%2Fv2%2Fcomments&post=2"}],"version-history":[{"count":1,"href":"https:\/\/test.sosi-web.it\/index.php?rest_route=\/wp\/v2\/pages\/2\/revisions"}],"predecessor-version":[{"id":46,"href":"https:\/\/test.sosi-web.it\/index.php?rest_route=\/wp\/v2\/pages\/2\/revisions\/46"}],"wp:attachment":[{"href":"https:\/\/test.sosi-web.it\/index.php?rest_route=%2Fwp%2Fv2%2Fmedia&parent=2"}],"curies":[{"name":"wp","href":"https:\/\/api.w.org\/{rel}","templated":true}]}}